{"id":105751,"date":"2014-07-03T10:58:21","date_gmt":"2014-07-03T08:58:21","guid":{"rendered":"http:\/\/avocatdeliege.be\/accueil-2\/"},"modified":"2023-04-20T15:35:19","modified_gmt":"2023-04-20T13:35:19","slug":"accueil","status":"publish","type":"page","link":"https:\/\/avocatdeliege.be\/nl\/","title":{"rendered":"home"},"content":{"rendered":"<p><\/p><div class=\"fusion-fullwidth fullwidth-box fusion-builder-row-1 fusion-flex-container nonhundred-percent-fullwidth non-hundred-percent-height-scrolling\" style=\"--awb-border-radius-top-left:0px;--awb-border-radius-top-right:0px;--awb-border-radius-bottom-right:0px;--awb-border-radius-bottom-left:0px;--awb-flex-wrap:wrap;\"><div class=\"fusion-builder-row fusion-row fusion-flex-align-items-flex-start fusion-flex-content-wrap\" style=\"max-width:998.4px;margin-left: calc(-4% \/ 2 );margin-right: calc(-4% \/ 2 );\"><div class=\"fusion-layout-column fusion_builder_column fusion-builder-column-0 fusion_builder_column_1_2 1_2 fusion-flex-column\" style=\"--awb-padding-top:33px;--awb-bg-size:cover;--awb-width-large:50%;--awb-margin-top-large:0px;--awb-spacing-right-large:3.84%;--awb-margin-bottom-large:20px;--awb-spacing-left-large:3.84%;--awb-width-medium:100%;--awb-order-medium:0;--awb-spacing-right-medium:1.92%;--awb-spacing-left-medium:1.92%;--awb-width-small:100%;--awb-order-small:0;--awb-spacing-right-small:1.92%;--awb-spacing-left-small:1.92%;\"><div class=\"fusion-column-wrapper fusion-column-has-shadow fusion-flex-justify-content-flex-start fusion-content-layout-column\"><div class=\"fusion-person person fusion-person-left fusion-person-1 fusion-person-icon-top\" style=\"--awb-pic-style-color:#000000;--awb-pic-borderradius:50%;--awb-margin-top:0px;--awb-margin-right:0px;--awb-margin-bottom:0px;--awb-margin-left:0px;--awb-social-box-border-top:0px;--awb-social-box-border-right:0px;--awb-social-box-border-bottom:0px;--awb-social-box-border-left:0px;--awb-social-box-border-color:var(--awb-color3);--awb-social-box-border-color-hover:var(--awb-color4);--awb-social-box-colors-hover:rgba(232,232,232,0.8);--awb-social-icon-boxed-colors:#e8e8e8;--awb-social-icon-colors:#bebdbd;--awb-social-icon-colors-hover:rgba(190,189,189,0.8);\"><div class=\"person-shortcode-image-wrapper\"><div class=\"person-image-container hover-type-none person-rounded-overflow\" style=\"-webkit-border-radius:50%;-moz-border-radius:50%;border-radius:50%;border:0px solid #f6f6f6;-webkit-border-radius:50%;-moz-border-radius:50%;border-radius:50%;\"><img decoding=\"async\" class=\"lazyload person-img img-responsive wp-image-1410197\" width=\"300\" height=\"300\" src=\"https:\/\/avocatdeliege.be\/wp-content\/uploads\/2022\/04\/2022.png\" data-orig-src=\"https:\/\/avocatdeliege.be\/wp-content\/uploads\/2022\/04\/2022-300x300.png\" alt=\"Geoffrey DELI\u00c9GE\" srcset=\"data:image\/svg+xml,%3Csvg%20xmlns%3D%27http%3A%2F%2Fwww.w3.org%2F2000%2Fsvg%27%20width%3D%271146%27%20height%3D%271146%27%20viewBox%3D%270%200%201146%201146%27%3E%3Crect%20width%3D%271146%27%20height%3D%271146%27%20fill-opacity%3D%220%22%2F%3E%3C%2Fsvg%3E\" data-srcset=\"https:\/\/avocatdeliege.be\/wp-content\/uploads\/2022\/04\/2022-200x200.png 200w, https:\/\/avocatdeliege.be\/wp-content\/uploads\/2022\/04\/2022-400x400.png 400w, https:\/\/avocatdeliege.be\/wp-content\/uploads\/2022\/04\/2022-600x600.png 600w, https:\/\/avocatdeliege.be\/wp-content\/uploads\/2022\/04\/2022-800x800.png 800w, https:\/\/avocatdeliege.be\/wp-content\/uploads\/2022\/04\/2022.png 1146w\" data-sizes=\"auto\" data-orig-sizes=\"(max-width: 1024px) 100vw, (max-width: 640px) 100vw, 600px\"><\/div><\/div><div class=\"person-desc\"><div class=\"person-author\"><div class=\"person-author-wrapper\"><span class=\"person-name\">Geof\u00adfrey DELI\u00c9GE<\/span><span class=\"person-title\">advo\u00adcaat te Verviers<\/span><\/div><div class=\"fusion-social-networks\"><div class=\"fusion-social-networks-wrapper\"><a class=\"fusion-social-network-icon fusion-tooltip fusion-facebook awb-icon-facebook custom\" aria-label=\"fusion-facebook\" href=\"https:\/\/www.facebook.com\/avocatdeliege\" target=\"_blank\" rel=\"nofollow\" style=\"color:#bebdbd;font-size:16px;\" data-placement=\"top\" data-title=\"Facebook\" title=\"Facebook\" data-toggle=\"tooltip\"><\/a><a class=\"fusion-social-network-icon fusion-tooltip fusion-twitter awb-icon-twitter custom\" aria-label=\"fusion-twitter\" href=\"https:\/\/twitter.com\/avocatdeliege\" target=\"_blank\" rel=\"nofollow\" style=\"color:#bebdbd;font-size:16px;\" data-placement=\"top\" data-title=\"Twitter\" title=\"Twitter\" data-toggle=\"tooltip\"><\/a><a class=\"fusion-social-network-icon fusion-tooltip fusion-linkedin awb-icon-linkedin custom\" aria-label=\"fusion-linkedin\" href=\"https:\/\/www.linkedin.com\/pub\/geoffrey-deli%C3%A9ge\/b\/632\/5b4\" target=\"_blank\" rel=\"nofollow\" style=\"color:#bebdbd;font-size:16px;\" data-placement=\"top\" data-title=\"LinkedIn\" title=\"LinkedIn\" data-toggle=\"tooltip\"><\/a><\/div><\/div><\/div><div class=\"person-content fusion-clearfix\">Inge\u00adschre\u00adven bij de Balie van Ver\u00adviers sinds&nbsp;2005<br>\nMet erva\u00adring in bur\u00adger\u00adlij\u00adke en han\u00addels\u00adza\u00adken, op zeer uit\u00adeen\u00adlo\u00adpen\u00adde gebie\u00adden in bedrijfs\u00adrecht, met name wat betreft dis\u00adtri\u00adbu\u00adtie\u00adover\u00adeen\u00adkom\u00adsten en zaken met een inter\u00adna\u00adti\u00ado\u00adna\u00adle karakter.<\/div><\/div><\/div>\n<\/div><\/div><div class=\"fusion-layout-column fusion_builder_column fusion-builder-column-1 fusion_builder_column_1_2 1_2 fusion-flex-column fusion-animated\" style=\"--awb-bg-size:cover;--awb-width-large:50%;--awb-margin-top-large:40px;--awb-spacing-right-large:3.84%;--awb-margin-bottom-large:20px;--awb-spacing-left-large:3.84%;--awb-width-medium:100%;--awb-order-medium:0;--awb-spacing-right-medium:1.92%;--awb-spacing-left-medium:1.92%;--awb-width-small:100%;--awb-order-small:0;--awb-spacing-right-small:1.92%;--awb-spacing-left-small:1.92%;\" data-animationtype=\"fadeInLeft\" data-animationduration=\"0.3\" data-animationoffset=\"top-into-view\"><div class=\"fusion-column-wrapper fusion-column-has-shadow fusion-flex-justify-content-flex-start fusion-content-layout-column\"><div class=\"fusion-builder-row fusion-builder-row-inner fusion-row fusion-flex-align-items-flex-start fusion-flex-content-wrap\" style=\"--awb-flex-grow:0;--awb-flex-grow-medium:0;--awb-flex-grow-small:0;--awb-flex-shrink:0;--awb-flex-shrink-medium:0;--awb-flex-shrink-small:0;width:104% !important;max-width:104% !important;margin-left: calc(-4% \/ 2 );margin-right: calc(-4% \/ 2 );\"><div class=\"fusion-layout-column fusion_builder_column_inner fusion-builder-nested-column-0 fusion_builder_column_inner_1_1 1_1 fusion-flex-column\" style=\"--awb-padding-top:22px;--awb-padding-right:22px;--awb-padding-bottom:22px;--awb-padding-left:22px;--awb-overflow:hidden;--awb-bg-color:rgba(3,169,244,0.66);--awb-bg-color-hover:rgba(3,169,244,0.66);--awb-bg-blend:screen;--awb-bg-size:cover;--awb-border-radius:22px 22px 22px 22px;--awb-width-large:100%;--awb-margin-top-large:0px;--awb-spacing-right-large:1.92%;--awb-margin-bottom-large:20px;--awb-spacing-left-large:1.92%;--awb-width-medium:100%;--awb-order-medium:0;--awb-spacing-right-medium:1.92%;--awb-spacing-left-medium:1.92%;--awb-width-small:100%;--awb-order-small:0;--awb-spacing-right-small:1.92%;--awb-spacing-left-small:1.92%;\"><div class=\"fusion-column-wrapper lazyload fusion-column-has-shadow fusion-flex-justify-content-flex-start fusion-content-layout-column fusion-column-has-bg-image\" data-bg-url=\"https:\/\/avocatdeliege.be\/wp-content\/uploads\/2020\/05\/pldkbhbm3hc-300x200.jpg\" data-bg=\"https:\/\/avocatdeliege.be\/wp-content\/uploads\/2020\/05\/pldkbhbm3hc-300x200.jpg\"><div class=\"fusion-title title fusion-title-1 fusion-sep-none fusion-title-center fusion-title-text fusion-title-size-three\" style=\"--awb-text-color:#ffffff;--awb-margin-bottom:0px;--awb-margin-top-small:0px;--awb-margin-right-small:0px;--awb-margin-bottom-small:20px;--awb-margin-left-small:0px;\"><h3 class=\"fusion-title-heading title-heading-center fusion-responsive-typography-calculated\" style=\"margin:0;--fontSize:16;--minFontSize:16;line-height:1.5;\"><h3>Telefoonlijn<\/h3>\n<div id=\"ConnectiveDocSignExtentionInstalled\" data-extension-version=\"1.0.4\"><\/div><\/h3><\/div><div class=\"fusion-text fusion-text-1\" style=\"--awb-text-color:#ffffff;\"><div>\n<div class=\"reading-box-description fusion-reading-box-additional\">maan\u00addag \u2013 vrij\u00addag: 13:30 \u2013 17:00<\/div>\n<div class=\"reading-box-additional\">\n<p>Werk\u00adda\u00adgen, behal\u00adve verhindering.<\/p>\n<\/div>\n<\/div>\n<\/div><div style=\"text-align:center;\"><a class=\"fusion-button button-3d fusion-button-default-size button-blue fusion-button-blue button-1 fusion-button-default-span \" target=\"_self\" href=\"tel:+3287840080\"><span class=\"fusion-button-text awb-button__text awb-button__text--default\">+32 87 84 00&nbsp;80<\/span><\/a><\/div><\/div><\/div><\/div><\/div><\/div><\/div><\/div><div id=\"Map\" class=\"fusion-container-anchor\"><div class=\"fusion-fullwidth fullwidth-box fusion-builder-row-2 has-pattern-background has-mask-background hundred-percent-fullwidth non-hundred-percent-height-scrolling\" style=\"--awb-background-position:left top;--awb-border-sizes-top:0px;--awb-border-sizes-bottom:0px;--awb-border-sizes-left:0px;--awb-border-sizes-right:0px;--awb-border-radius-top-left:0px;--awb-border-radius-top-right:0px;--awb-border-radius-bottom-right:0px;--awb-border-radius-bottom-left:0px;--awb-padding-top:0px;--awb-padding-right:0px;--awb-padding-bottom:0px;--awb-padding-left:0px;--awb-margin-top:0px;--awb-margin-bottom:0px;--awb-flex-wrap:wrap;\"><div class=\"fusion-builder-row fusion-row\"><div class=\"fusion-layout-column fusion_builder_column fusion-builder-column-2 fusion_builder_column_1_1 1_1 fusion-one-full fusion-column-first fusion-column-last\" style=\"--awb-bg-size:cover;\"><div class=\"fusion-column-wrapper fusion-column-has-shadow fusion-flex-column-wrapper-legacy\"><div class=\"awb-openstreet-map awb-openstreet-map-1\" data-map-style=\"carto-db\" data-map-type=\"marker\" data-zoom=\"8\" data-zoomsnap=\"1\" data-zoomcontrol=\"1\" data-scrollwheelzoom data-dragging=\"1\" data-touchzoom=\"1\" data-dbclickzoom=\"1\" data-fitbounds=\"1\" data-shape-color=\"rgba(116,116,116,1)\" data-shape-weight=\"3\"><div class=\"awb-openstreet-map-marker awb-openstreet-map-marker-1\" data-latitude=\"50.5723793\" data-longitude=\"5.8797005\" data-icon=\"fa-map-marker-alt fas\" data-action=\"popup\"><div class=\"awb-openstreet-map-marker-icon-wrapper awb-openstreet-map-marker-anim-sonar\" style=\"--awb-color:rgba(255,255,255,0.41);--awb-background-color:var(--awb-custom16);--awb-hover-background-color:var(--awb-color6);\"><i class=\"fa-map-marker-alt fas\"><\/i><\/div><div class=\"awb-openstreet-map-content-wrapper\"><h5 class=\"awb-openstreet-map-marker-title\">AVOCAT GEOFFREY DELI\u00c9GE<\/h5><\/div><\/div><\/div><div class=\"fusion-clearfix\"><\/div><\/div><\/div><\/div><\/div><\/div>\n\n","protected":false},"excerpt":{"rendered":"","protected":false},"author":2,"featured_media":0,"parent":0,"menu_order":0,"comment_status":"open","ping_status":"closed","template":"100-width.php","meta":{"wp_typography_post_enhancements_disabled":false,"footnotes":""},"class_list":["post-105751","page","type-page","status-publish","hentry"],"yoast_head":"<!-- This site is optimized with the Yoast SEO plugin v27.4 - https:\/\/yoast.com\/product\/yoast-seo-wordpress\/ -->\n<title>Avocat Geoffrey Deli\u00e9ge - Spa<\/title>\n<meta name=\"description\" content=\"Multidisciplinaire et exp\u00e9riment\u00e9 dans les mati\u00e8res civile et commerciale, contrats de distribution et affaires internationales\" \/>\n<meta name=\"robots\" content=\"index, follow, max-snippet:-1, max-image-preview:large, max-video-preview:-1\" \/>\n<link rel=\"canonical\" href=\"https:\/\/avocatdeliege.be\/nl\/\" \/>\n<meta property=\"og:locale\" content=\"nl_NL\" \/>\n<meta property=\"og:type\" content=\"article\" \/>\n<meta property=\"og:title\" content=\"avocatdeliege.be\" \/>\n<meta property=\"og:description\" content=\"Advocaat te Spa. Handelsrecht, eigendomsrecht, geschillen in verband met Itali\u00eb of motorsport.\" \/>\n<meta property=\"og:url\" content=\"https:\/\/avocatdeliege.be\/nl\/\" \/>\n<meta property=\"og:site_name\" content=\"AVOCAT GEOFFREY DELI\u00c9GE\" \/>\n<meta property=\"article:publisher\" content=\"https:\/\/www.facebook.com\/avocatdeliege\" \/>\n<meta property=\"article:modified_time\" content=\"2023-04-20T13:35:19+00:00\" \/>\n<meta property=\"og:image\" content=\"https:\/\/avocatdeliege.be\/wp-content\/uploads\/2014\/11\/397705_287605417952764_457617572_n.jpg\" \/>\n\t<meta property=\"og:image:width\" content=\"391\" \/>\n\t<meta property=\"og:image:height\" content=\"391\" \/>\n\t<meta property=\"og:image:type\" content=\"image\/jpeg\" \/>\n<meta name=\"twitter:card\" content=\"summary_large_image\" \/>\n<meta name=\"twitter:title\" content=\"avocatdeliege.be\" \/>\n<meta name=\"twitter:description\" content=\"Avocat \u00e0 Spa. Droit commercial, droit des biens, litiges en lien avec l&#039;Italie.\" \/>\n<meta name=\"twitter:image\" content=\"http:\/\/avocatdeliege.be\/wp-content\/uploads\/2014\/11\/397705_287605417952764_457617572_n.jpg\" \/>\n<meta name=\"twitter:site\" content=\"@avocatdeliege\" \/>\n<meta name=\"twitter:label1\" content=\"Geschatte leestijd\" \/>\n\t<meta name=\"twitter:data1\" content=\"7 minuten\" \/>\n<script type=\"application\/ld+json\" class=\"yoast-schema-graph\">{\"@context\":\"https:\\\/\\\/schema.org\",\"@graph\":[{\"@type\":\"WebPage\",\"@id\":\"https:\\\/\\\/avocatdeliege.be\\\/nl\\\/\",\"url\":\"https:\\\/\\\/avocatdeliege.be\\\/nl\\\/\",\"name\":\"Avocat Geoffrey Deli\u00e9ge - Spa\",\"isPartOf\":{\"@id\":\"https:\\\/\\\/avocatdeliege.be\\\/nl\\\/#website\"},\"datePublished\":\"2014-07-03T08:58:21+00:00\",\"dateModified\":\"2023-04-20T13:35:19+00:00\",\"description\":\"Multidisciplinaire et exp\u00e9riment\u00e9 dans les mati\u00e8res civile et commerciale, contrats de distribution et affaires internationales\",\"breadcrumb\":{\"@id\":\"https:\\\/\\\/avocatdeliege.be\\\/nl\\\/#breadcrumb\"},\"inLanguage\":\"nl-NL\",\"potentialAction\":[{\"@type\":\"ReadAction\",\"target\":[\"https:\\\/\\\/avocatdeliege.be\\\/nl\\\/\"]}]},{\"@type\":\"BreadcrumbList\",\"@id\":\"https:\\\/\\\/avocatdeliege.be\\\/nl\\\/#breadcrumb\",\"itemListElement\":[{\"@type\":\"ListItem\",\"position\":1,\"name\":\"Accueil\",\"item\":\"https:\\\/\\\/avocatdeliege.be\\\/nl\\\/\"},{\"@type\":\"ListItem\",\"position\":2,\"name\":\"home\"}]},{\"@type\":\"WebSite\",\"@id\":\"https:\\\/\\\/avocatdeliege.be\\\/nl\\\/#website\",\"url\":\"https:\\\/\\\/avocatdeliege.be\\\/nl\\\/\",\"name\":\"Avocat Geoffrey Deli\u00e9ge\",\"description\":\"\",\"potentialAction\":[{\"@type\":\"SearchAction\",\"target\":{\"@type\":\"EntryPoint\",\"urlTemplate\":\"https:\\\/\\\/avocatdeliege.be\\\/nl\\\/?s={search_term_string}\"},\"query-input\":{\"@type\":\"PropertyValueSpecification\",\"valueRequired\":true,\"valueName\":\"search_term_string\"}}],\"inLanguage\":\"nl-NL\"}]}<\/script>\n<!-- \/ Yoast SEO plugin. -->","yoast_head_json":{"title":"Avocat Geoffrey Deli\u00e9ge - Spa","description":"Multidisciplinaire et exp\u00e9riment\u00e9 dans les mati\u00e8res civile et commerciale, contrats de distribution et affaires internationales","robots":{"index":"index","follow":"follow","max-snippet":"max-snippet:-1","max-image-preview":"max-image-preview:large","max-video-preview":"max-video-preview:-1"},"canonical":"https:\/\/avocatdeliege.be\/nl\/","og_locale":"nl_NL","og_type":"article","og_title":"avocatdeliege.be","og_description":"Advocaat te Spa. Handelsrecht, eigendomsrecht, geschillen in verband met Itali\u00eb of motorsport.","og_url":"https:\/\/avocatdeliege.be\/nl\/","og_site_name":"AVOCAT GEOFFREY DELI\u00c9GE","article_publisher":"https:\/\/www.facebook.com\/avocatdeliege","article_modified_time":"2023-04-20T13:35:19+00:00","og_image":[{"width":391,"height":391,"url":"https:\/\/avocatdeliege.be\/wp-content\/uploads\/2014\/11\/397705_287605417952764_457617572_n.jpg","type":"image\/jpeg"}],"twitter_card":"summary_large_image","twitter_title":"avocatdeliege.be","twitter_description":"Avocat \u00e0 Spa. Droit commercial, droit des biens, litiges en lien avec l'Italie.","twitter_image":"http:\/\/avocatdeliege.be\/wp-content\/uploads\/2014\/11\/397705_287605417952764_457617572_n.jpg","twitter_site":"@avocatdeliege","twitter_misc":{"Geschatte leestijd":"7 minuten"},"schema":{"@context":"https:\/\/schema.org","@graph":[{"@type":"WebPage","@id":"https:\/\/avocatdeliege.be\/nl\/","url":"https:\/\/avocatdeliege.be\/nl\/","name":"Avocat Geoffrey Deli\u00e9ge - Spa","isPartOf":{"@id":"https:\/\/avocatdeliege.be\/nl\/#website"},"datePublished":"2014-07-03T08:58:21+00:00","dateModified":"2023-04-20T13:35:19+00:00","description":"Multidisciplinaire et exp\u00e9riment\u00e9 dans les mati\u00e8res civile et commerciale, contrats de distribution et affaires internationales","breadcrumb":{"@id":"https:\/\/avocatdeliege.be\/nl\/#breadcrumb"},"inLanguage":"nl-NL","potentialAction":[{"@type":"ReadAction","target":["https:\/\/avocatdeliege.be\/nl\/"]}]},{"@type":"BreadcrumbList","@id":"https:\/\/avocatdeliege.be\/nl\/#breadcrumb","itemListElement":[{"@type":"ListItem","position":1,"name":"Accueil","item":"https:\/\/avocatdeliege.be\/nl\/"},{"@type":"ListItem","position":2,"name":"home"}]},{"@type":"WebSite","@id":"https:\/\/avocatdeliege.be\/nl\/#website","url":"https:\/\/avocatdeliege.be\/nl\/","name":"Avocat Geoffrey Deli\u00e9ge","description":"","potentialAction":[{"@type":"SearchAction","target":{"@type":"EntryPoint","urlTemplate":"https:\/\/avocatdeliege.be\/nl\/?s={search_term_string}"},"query-input":{"@type":"PropertyValueSpecification","valueRequired":true,"valueName":"search_term_string"}}],"inLanguage":"nl-NL"}]}},"_links":{"self":[{"href":"https:\/\/avocatdeliege.be\/nl\/wp-json\/wp\/v2\/pages\/105751","targetHints":{"allow":["GET"]}}],"collection":[{"href":"https:\/\/avocatdeliege.be\/nl\/wp-json\/wp\/v2\/pages"}],"about":[{"href":"https:\/\/avocatdeliege.be\/nl\/wp-json\/wp\/v2\/types\/page"}],"author":[{"embeddable":true,"href":"https:\/\/avocatdeliege.be\/nl\/wp-json\/wp\/v2\/users\/2"}],"replies":[{"embeddable":true,"href":"https:\/\/avocatdeliege.be\/nl\/wp-json\/wp\/v2\/comments?post=105751"}],"version-history":[{"count":16,"href":"https:\/\/avocatdeliege.be\/nl\/wp-json\/wp\/v2\/pages\/105751\/revisions"}],"predecessor-version":[{"id":1410575,"href":"https:\/\/avocatdeliege.be\/nl\/wp-json\/wp\/v2\/pages\/105751\/revisions\/1410575"}],"wp:attachment":[{"href":"https:\/\/avocatdeliege.be\/nl\/wp-json\/wp\/v2\/media?parent=105751"}],"curies":[{"name":"wp","href":"https:\/\/api.w.org\/{rel}","templated":true}]}}